{"id":116,"date":"2023-02-23T10:53:32","date_gmt":"2023-02-23T09:53:32","guid":{"rendered":"https:\/\/www.oliver-gross.de\/?page_id=116"},"modified":"2023-05-04T09:31:16","modified_gmt":"2023-05-04T07:31:16","slug":"ueber-uns","status":"publish","type":"page","link":"https:\/\/www.og-it-service.de\/?page_id=116","title":{"rendered":"\u00dcber uns"},"content":{"rendered":"\n<p class=\"wp-block-paragraph\">Das Unternehmen &#8222;olivergrossITService&#8220; wurde am 09.01.2006 gegr\u00fcndet.<br>Die Erfahrungen der vorangegangenen 10 Jahre gingen in ein eigenes<br>Unternehmen auf und werden nun tagt\u00e4glich gerne an unsere<br>Kunden weitergegeben.<\/p>\n\n\n\n<p class=\"wp-block-paragraph\">Der entscheidende Faktor, einen Kunden perfekt zu betreuen,<br>liegt im Service. Und dieser sollte nicht an der Kasse aufh\u00f6ren!<br>Deshalb vollbringen wir den gr\u00f6\u00dften Teil unserer Leistungen<br>auch bei Ihnen vor Ort.<\/p>\n\n\n\n<p class=\"wp-block-paragraph\">Wir verstehen uns als L\u00f6sungsanbieter. Die Entwicklung eines passenden<br>Konzepts f\u00fcr Ihre Bed\u00fcrfnisse, ist unser Anliegen.<br>Nicht nur von der Stange, sondern nach Ihren Anforderungen.<\/p>\n\n\n\n<p class=\"wp-block-paragraph\">Passend. Qualitativ hochwertig. G\u00fcnstig.<\/p>\n\n\n\n<p class=\"wp-block-paragraph\">Seit 2023 befinden wir uns im Umbau des Unternehmens.<br>Es werden nur noch Vertragskunden oder &#8222;Kunden mit Geduld&#8220; betreut. <br>Interesse an einer Vereinbarung? <\/p>\n\n\n\n<p class=\"wp-block-paragraph\">Sprechen Sie uns an!<\/p>\n","protected":false},"excerpt":{"rendered":"<p>Das Unternehmen &#8222;olivergrossITService&#8220; wurde am 09.01.2006 gegr\u00fcndet.Die Erfahrungen der vorangegangenen 10 Jahre gingen in ein eigenesUnternehmen auf und werden nun tagt\u00e4glich gerne an unsereKunden weitergegeben. Der entscheidende Faktor, einen Kunden perfekt zu betreuen,liegt im Service. Und dieser sollte nicht an der Kasse aufh\u00f6ren!Deshalb vollbringen wir den gr\u00f6\u00dften Teil unserer Leistungenauch bei Ihnen vor Ort. Wir [&hellip;]<\/p>\n","protected":false},"author":1,"featured_media":0,"parent":0,"menu_order":80,"comment_status":"closed","ping_status":"closed","template":"","meta":{"_crdt_document":"","footnotes":""},"class_list":["post-116","page","type-page","status-publish","hentry"],"_links":{"self":[{"href":"https:\/\/www.og-it-service.de\/index.php?rest_route=\/wp\/v2\/pages\/116","targetHints":{"allow":["GET"]}}],"collection":[{"href":"https:\/\/www.og-it-service.de\/index.php?rest_route=\/wp\/v2\/pages"}],"about":[{"href":"https:\/\/www.og-it-service.de\/index.php?rest_route=\/wp\/v2\/types\/page"}],"author":[{"embeddable":true,"href":"https:\/\/www.og-it-service.de\/index.php?rest_route=\/wp\/v2\/users\/1"}],"replies":[{"embeddable":true,"href":"https:\/\/www.og-it-service.de\/index.php?rest_route=%2Fwp%2Fv2%2Fcomments&post=116"}],"version-history":[{"count":2,"href":"https:\/\/www.og-it-service.de\/index.php?rest_route=\/wp\/v2\/pages\/116\/revisions"}],"predecessor-version":[{"id":289,"href":"https:\/\/www.og-it-service.de\/index.php?rest_route=\/wp\/v2\/pages\/116\/revisions\/289"}],"wp:attachment":[{"href":"https:\/\/www.og-it-service.de\/index.php?rest_route=%2Fwp%2Fv2%2Fmedia&parent=116"}],"curies":[{"name":"wp","href":"https:\/\/api.w.org\/{rel}","templated":true}]}}