{"id":122,"date":"2023-02-23T11:05:27","date_gmt":"2023-02-23T10:05:27","guid":{"rendered":"https:\/\/www.oliver-gross.de\/?page_id=122"},"modified":"2023-05-04T09:52:41","modified_gmt":"2023-05-04T07:52:41","slug":"partner","status":"publish","type":"page","link":"https:\/\/www.og-it-service.de\/?page_id=122","title":{"rendered":"Partner"},"content":{"rendered":"\n<p class=\"wp-block-paragraph\"><\/p>\n\n\n\n<figure class=\"wp-block-table\"><table class=\"has-border-color has-fixed-layout\" style=\"border-color:#ffffff05\"><tbody><tr><td><strong>Lokale Partner<\/strong><\/td><td><\/td><\/tr><tr><td><img loading=\"lazy\" decoding=\"async\" width=\"300\" height=\"75\" class=\"wp-image-137\" style=\"width: 300px;\" src=\"https:\/\/www.oliver-gross.de\/wp-content\/uploads\/2023\/02\/HeaderFinale1100.jpg\" alt=\"\" srcset=\"https:\/\/www.og-it-service.de\/wp-content\/uploads\/2023\/02\/HeaderFinale1100.jpg 700w, https:\/\/www.og-it-service.de\/wp-content\/uploads\/2023\/02\/HeaderFinale1100-300x75.jpg 300w\" sizes=\"auto, (max-width: 300px) 100vw, 300px\" \/><\/td><td><br>Amselweg 9 <br>72108 Rottenburg<br>07472 960 9010<br><a rel=\"noreferrer noopener\" href=\"https:\/\/www.w-cs.de\" target=\"_blank\">https:\/\/www.w-cs.de<\/a><\/td><\/tr><tr><td><\/td><td><\/td><\/tr><tr><td><strong>Lieferanten und Service-Partner<\/strong><\/td><td><\/td><\/tr><tr><td><img loading=\"lazy\" decoding=\"async\" width=\"300\" height=\"158\" class=\"wp-image-227\" style=\"width: 300px;\" src=\"https:\/\/www.oliver-gross.de\/wp-content\/uploads\/2023\/02\/wortmann.png\" alt=\"\" srcset=\"https:\/\/www.og-it-service.de\/wp-content\/uploads\/2023\/02\/wortmann.png 943w, https:\/\/www.og-it-service.de\/wp-content\/uploads\/2023\/02\/wortmann-300x158.png 300w, https:\/\/www.og-it-service.de\/wp-content\/uploads\/2023\/02\/wortmann-768x406.png 768w\" sizes=\"auto, (max-width: 300px) 100vw, 300px\" \/><\/td><td>WORTMANN AG<br>Bredenhop 20<br>32609 H\u00fcllhorst<br><\/td><\/tr><tr><td><\/td><td><\/td><\/tr><tr><td><img loading=\"lazy\" decoding=\"async\" width=\"300\" height=\"80\" class=\"wp-image-220\" style=\"width: 300px;\" src=\"https:\/\/www.oliver-gross.de\/wp-content\/uploads\/2023\/02\/UTM-Certified-Partner.png\" alt=\"\" srcset=\"https:\/\/www.og-it-service.de\/wp-content\/uploads\/2023\/02\/UTM-Certified-Partner.png 1200w, https:\/\/www.og-it-service.de\/wp-content\/uploads\/2023\/02\/UTM-Certified-Partner-300x80.png 300w, https:\/\/www.og-it-service.de\/wp-content\/uploads\/2023\/02\/UTM-Certified-Partner-1024x272.png 1024w, https:\/\/www.og-it-service.de\/wp-content\/uploads\/2023\/02\/UTM-Certified-Partner-768x204.png 768w\" sizes=\"auto, (max-width: 300px) 100vw, 300px\" \/>       <img loading=\"lazy\" decoding=\"async\" width=\"300\" height=\"80\" class=\"wp-image-219\" style=\"width: 300px;\" src=\"https:\/\/www.oliver-gross.de\/wp-content\/uploads\/2023\/02\/UMA-Certified-Partner.png\" alt=\"\" srcset=\"https:\/\/www.og-it-service.de\/wp-content\/uploads\/2023\/02\/UMA-Certified-Partner.png 1200w, https:\/\/www.og-it-service.de\/wp-content\/uploads\/2023\/02\/UMA-Certified-Partner-300x80.png 300w, https:\/\/www.og-it-service.de\/wp-content\/uploads\/2023\/02\/UMA-Certified-Partner-1024x272.png 1024w, https:\/\/www.og-it-service.de\/wp-content\/uploads\/2023\/02\/UMA-Certified-Partner-768x204.png 768w\" sizes=\"auto, (max-width: 300px) 100vw, 300px\" \/><\/td><td>Securepoint GmbH<br>Bleckeder Landstra\u00dfe 28<br>21337 L\u00fcneburg<\/td><\/tr><\/tbody><\/table><\/figure>\n","protected":false},"excerpt":{"rendered":"<p>Lokale Partner Amselweg 9 72108 Rottenburg07472 960 9010https:\/\/www.w-cs.de Lieferanten und Service-Partner WORTMANN AGBredenhop 2032609 H\u00fcllhorst Securepoint GmbHBleckeder Landstra\u00dfe 2821337 L\u00fcneburg<\/p>\n","protected":false},"author":1,"featured_media":0,"parent":0,"menu_order":50,"comment_status":"closed","ping_status":"closed","template":"","meta":{"_crdt_document":"","footnotes":""},"class_list":["post-122","page","type-page","status-publish","hentry"],"_links":{"self":[{"href":"https:\/\/www.og-it-service.de\/index.php?rest_route=\/wp\/v2\/pages\/122","targetHints":{"allow":["GET"]}}],"collection":[{"href":"https:\/\/www.og-it-service.de\/index.php?rest_route=\/wp\/v2\/pages"}],"about":[{"href":"https:\/\/www.og-it-service.de\/index.php?rest_route=\/wp\/v2\/types\/page"}],"author":[{"embeddable":true,"href":"https:\/\/www.og-it-service.de\/index.php?rest_route=\/wp\/v2\/users\/1"}],"replies":[{"embeddable":true,"href":"https:\/\/www.og-it-service.de\/index.php?rest_route=%2Fwp%2Fv2%2Fcomments&post=122"}],"version-history":[{"count":22,"href":"https:\/\/www.og-it-service.de\/index.php?rest_route=\/wp\/v2\/pages\/122\/revisions"}],"predecessor-version":[{"id":298,"href":"https:\/\/www.og-it-service.de\/index.php?rest_route=\/wp\/v2\/pages\/122\/revisions\/298"}],"wp:attachment":[{"href":"https:\/\/www.og-it-service.de\/index.php?rest_route=%2Fwp%2Fv2%2Fmedia&parent=122"}],"curies":[{"name":"wp","href":"https:\/\/api.w.org\/{rel}","templated":true}]}}