{"id":141,"date":"2023-02-23T11:39:50","date_gmt":"2023-02-23T10:39:50","guid":{"rendered":"https:\/\/www.oliver-gross.de\/?page_id=141"},"modified":"2023-03-17T14:23:51","modified_gmt":"2023-03-17T13:23:51","slug":"fernwartung","status":"publish","type":"page","link":"https:\/\/www.og-it-service.de\/?page_id=141","title":{"rendered":"Fernwartung"},"content":{"rendered":"\n<p class=\"wp-block-paragraph\">Wir bieten auch schnelle Hilfe \u00fcber unser Fernwartungstool.<br>Sprechen Sie uns an und erfahren Sie mehr \u00fcber unseren schnellen und vor allem sicheren Zugang zu ihrem PC um Ihnen auch aus der Ferne helfen zu k\u00f6nnen.<\/p>\n\n\n\n<p class=\"wp-block-paragraph\">In 5 einfachen Schritten zur Fernwartung<\/p>\n\n\n\n<p class=\"wp-block-paragraph\">1. Rufen Sie uns an<br>2. *KLICK* auf Fernwartung starten<br>3. Datei auf dem Desktop speichern<br>4. Datei ausf\u00fchren\/starten<br>5. ID und Kennwort an uns durchgeben<\/p>\n\n\n\n<h6 class=\"wp-block-heading has-medium-font-size\"><a href=\"http:\/\/get.teamviewer.com\/ogitsQS\" target=\"_blank\" rel=\"noreferrer noopener\">Fernwartung starten!<\/a><\/h6>\n\n\n\n<p class=\"wp-block-paragraph\">Wir weisen darauf hin, dass der Support per Fernwartung zu den jeweils vereinbarten Konditionen in Rechnung gestellt wird!<\/p>\n\n\n\n<p class=\"wp-block-paragraph\"><a href=\"http:\/\/get.teamviewer.com\/ogitsHost\" target=\"_blank\" rel=\"noreferrer noopener\">Fernwartungspaket zur dauerhaften Installation<br>(auch f\u00fcr Serversysteme geeignet)<br>hier klicken!<\/a><\/p>\n","protected":false},"excerpt":{"rendered":"<p>Wir bieten auch schnelle Hilfe \u00fcber unser Fernwartungstool.Sprechen Sie uns an und erfahren Sie mehr \u00fcber unseren schnellen und vor allem sicheren Zugang zu ihrem PC um Ihnen auch aus der Ferne helfen zu k\u00f6nnen. In 5 einfachen Schritten zur Fernwartung 1. Rufen Sie uns an2. *KLICK* auf Fernwartung starten3. Datei auf dem Desktop speichern4. [&hellip;]<\/p>\n","protected":false},"author":1,"featured_media":0,"parent":0,"menu_order":40,"comment_status":"closed","ping_status":"closed","template":"","meta":{"_crdt_document":"","footnotes":""},"class_list":["post-141","page","type-page","status-publish","hentry"],"_links":{"self":[{"href":"https:\/\/www.og-it-service.de\/index.php?rest_route=\/wp\/v2\/pages\/141","targetHints":{"allow":["GET"]}}],"collection":[{"href":"https:\/\/www.og-it-service.de\/index.php?rest_route=\/wp\/v2\/pages"}],"about":[{"href":"https:\/\/www.og-it-service.de\/index.php?rest_route=\/wp\/v2\/types\/page"}],"author":[{"embeddable":true,"href":"https:\/\/www.og-it-service.de\/index.php?rest_route=\/wp\/v2\/users\/1"}],"replies":[{"embeddable":true,"href":"https:\/\/www.og-it-service.de\/index.php?rest_route=%2Fwp%2Fv2%2Fcomments&post=141"}],"version-history":[{"count":3,"href":"https:\/\/www.og-it-service.de\/index.php?rest_route=\/wp\/v2\/pages\/141\/revisions"}],"predecessor-version":[{"id":147,"href":"https:\/\/www.og-it-service.de\/index.php?rest_route=\/wp\/v2\/pages\/141\/revisions\/147"}],"wp:attachment":[{"href":"https:\/\/www.og-it-service.de\/index.php?rest_route=%2Fwp%2Fv2%2Fmedia&parent=141"}],"curies":[{"name":"wp","href":"https:\/\/api.w.org\/{rel}","templated":true}]}}