{"id":75,"date":"2023-02-17T13:15:15","date_gmt":"2023-02-17T12:15:15","guid":{"rendered":"https:\/\/www.oliver-gross.de\/?page_id=75"},"modified":"2025-03-22T13:39:15","modified_gmt":"2025-03-22T12:39:15","slug":"startseite","status":"publish","type":"page","link":"https:\/\/www.og-it-service.de\/","title":{"rendered":"Home"},"content":{"rendered":"\n<h2 class=\"wp-block-heading has-large-font-size\">Herzlich Willkommen bei olivergrossITService<\/h2>\n\n\n\n<p class=\"wp-block-paragraph\">olivergrossITService betreut nur noch Vertragskunden <br>oder (Privat-)Kunden &#8222;ohne Zeitdruck&#8220;.<\/p>\n\n\n\n<p class=\"wp-block-paragraph\">Hierbei gibt es einige \u00c4nderungen im t\u00e4glichen Business:<br>Unsere bevorzugte Kontaktaufnahme ist per Mail. Schreiben Sie uns, wir bem\u00fchen uns, Mails am selben Tag zu bearbeiten und zu beantworten. <br>Messenger-Anfragen (WhatsApp, Facebook etc.) k\u00f6nnen nur noch zeitverz\u00f6gert beantwortet werden.<br>Unsere allgemeine telefonische Erreichbarkeit beschr\u00e4nkt sich auf den Anrufbeantworter. Hinterlassen Sie uns eine Nachricht, wir rufen Sie zur\u00fcck.<\/p>\n\n\n\n<p class=\"wp-block-paragraph\">Weitere Informationen folgen in K\u00fcrze hier. Weitere Fragen werden gerne im pers\u00f6nlichen Gespr\u00e4ch beantwortet.<br><\/p>\n\n\n\n<p class=\"wp-block-paragraph\"><\/p>\n","protected":false},"excerpt":{"rendered":"<p>Herzlich Willkommen bei olivergrossITService olivergrossITService betreut nur noch Vertragskunden oder (Privat-)Kunden &#8222;ohne Zeitdruck&#8220;. Hierbei gibt es einige \u00c4nderungen im t\u00e4glichen Business:Unsere bevorzugte Kontaktaufnahme ist per Mail. Schreiben Sie uns, wir bem\u00fchen uns, Mails am selben Tag zu bearbeiten und zu beantworten. Messenger-Anfragen (WhatsApp, Facebook etc.) k\u00f6nnen nur noch zeitverz\u00f6gert beantwortet werden.Unsere allgemeine telefonische Erreichbarkeit beschr\u00e4nkt [&hellip;]<\/p>\n","protected":false},"author":1,"featured_media":0,"parent":0,"menu_order":0,"comment_status":"closed","ping_status":"closed","template":"","meta":{"_crdt_document":"","footnotes":""},"class_list":["post-75","page","type-page","status-publish","hentry"],"_links":{"self":[{"href":"https:\/\/www.og-it-service.de\/index.php?rest_route=\/wp\/v2\/pages\/75","targetHints":{"allow":["GET"]}}],"collection":[{"href":"https:\/\/www.og-it-service.de\/index.php?rest_route=\/wp\/v2\/pages"}],"about":[{"href":"https:\/\/www.og-it-service.de\/index.php?rest_route=\/wp\/v2\/types\/page"}],"author":[{"embeddable":true,"href":"https:\/\/www.og-it-service.de\/index.php?rest_route=\/wp\/v2\/users\/1"}],"replies":[{"embeddable":true,"href":"https:\/\/www.og-it-service.de\/index.php?rest_route=%2Fwp%2Fv2%2Fcomments&post=75"}],"version-history":[{"count":23,"href":"https:\/\/www.og-it-service.de\/index.php?rest_route=\/wp\/v2\/pages\/75\/revisions"}],"predecessor-version":[{"id":311,"href":"https:\/\/www.og-it-service.de\/index.php?rest_route=\/wp\/v2\/pages\/75\/revisions\/311"}],"wp:attachment":[{"href":"https:\/\/www.og-it-service.de\/index.php?rest_route=%2Fwp%2Fv2%2Fmedia&parent=75"}],"curies":[{"name":"wp","href":"https:\/\/api.w.org\/{rel}","templated":true}]}}